{"id":16085,"date":"2024-04-25T08:28:36","date_gmt":"2024-04-25T08:28:36","guid":{"rendered":"https:\/\/cebollasmasegosa.com\/politica-de-privacidad"},"modified":"2024-09-26T10:25:08","modified_gmt":"2024-09-26T10:25:08","slug":"privacy-policy","status":"publish","type":"page","link":"https:\/\/cebollasmasegosa.com\/en\/privacy-policy","title":{"rendered":"Privacy Policy"},"content":{"rendered":"\n<p><strong>Introducci\u00f3n<\/strong><\/p>\n\n\n\n<p>PRODUCCIONES AGR\u00cdCOLAS MASEGOSA, S.L. es una empresa internacional que ofrece diversos servicios y productos a clientes, comerciantes y proveedores. Sabemos lo importante que es proteger la privacidad de los datos personales que recogemos y, por ello, queremos explicarle c\u00f3mo tratamos la informaci\u00f3n personal de proveedores, comerciantes, clientes y usuarios de nuestro sitio web. Le recomendamos que lea atentamente la presente Pol\u00edtica de protecci\u00f3n de datos conforme a la legislaci\u00f3n europea para tener conocimiento de c\u00f3mo tratamos la informaci\u00f3n personal que le concierne y qu\u00e9 derechos le corresponden en relaci\u00f3n con ese tratamiento.<\/p>\n\n\n\n<p><strong>\u00c1mbito de aplicaci\u00f3n<\/strong><\/p>\n\n\n\n<p>En la presente Pol\u00edtica de protecci\u00f3n de datos se describe c\u00f3mo recoge, usa y comunica PRODUCCIONES AGR\u00cdCOLAS MASEGOSA, S.L. los datos de car\u00e1cter personal sujetos a la legislaci\u00f3n de la UE sobre protecci\u00f3n de datos.<\/p>\n\n\n\n<p>La presente Pol\u00edtica de protecci\u00f3n de datos UE afecta al tratamiento que damos a los datos de car\u00e1cter personal de los usuarios de nuestros sitios web, incluyendo los servicios online que muestran esta Pol\u00edtica de protecci\u00f3n de datos, as\u00ed como a la informaci\u00f3n de car\u00e1cter personal sobre nuestros clientes pasados, presentes y futuros u otros con los que mantengamos relaciones comerciales, incluyendo nuestros comerciantes, agentes y proveedores de servicios, los usuarios de nuestros productos y otras personas que tengan contacto con nosotros en relaci\u00f3n con nuestros productos o servicios, o se comuniquen con nosotros de cualquier otro modo.<\/p>\n\n\n\n<p>En la secci\u00f3n \u00abContacto\u00bb que encontrar\u00e1 en las pesta\u00f1as puede ponerse en contacto con nuestra empresa y ejercer sus derechos en cuanto a su informaci\u00f3n personal.<\/p>\n\n\n\n<p><strong>SITIO WEB<\/strong><\/p>\n\n\n\n<p><strong>Datos que recogemos<\/strong><\/p>\n\n\n\n<p>Podemos recoger datos de car\u00e1cter personal facilitados directamente por usted \u2014como cuando se registra para recibir nuestra Newsletter e informaci\u00f3n, cuando contacta con nosotros de forma online o cuando nos env\u00eda formularios a trav\u00e9s de los sitios web\u2014; pero tambi\u00e9n podemos recoger informaci\u00f3n personal sobre usted que haya sido recopilada autom\u00e1ticamente mientras usaba los sitios web.<strong>&nbsp;<\/strong><\/p>\n\n\n\n<p><strong>DATOS RECOGIDOS DIRECTAMENTE<\/strong><\/p>\n\n\n\n<p>Recogemos aquellos datos que usted nos proporciona o que usted comparte en los sitios web como, por ejemplo:<\/p>\n\n\n\n<ul class=\"wp-block-list\">\n<li><strong>Registro, suscripciones y formularios-<\/strong>\u00a0La informaci\u00f3n que recogemos var\u00eda en funci\u00f3n del contexto de la solicitud. Los campos mostrados son obligatorios para poder tramitar su consulta o el registro; no existe ninguno de car\u00e1cter opcional.<\/li>\n<\/ul>\n\n\n\n<ul class=\"wp-block-list\">\n<li><strong>Interacci\u00f3n y comunicaci\u00f3n.\u00a0<\/strong>Siempre que usted nos env\u00eda un correo electr\u00f3nico, nos llama por tel\u00e9fono o se pone en contacto con nosotros, guardamos registros de nuestras interacciones y comunicaciones con usted.<\/li>\n\n\n\n<li><strong>Atenci\u00f3n al cliente y asistencia.\u00a0<\/strong>Tambi\u00e9n guardamos registros relacionados con solicitudes de atenci\u00f3n al cliente o asistencia (incluyendo la naturaleza de la solicitud), con el fin de tramitar preguntas o comentarios dirigidos a nuestro equipo de atenci\u00f3n al cliente, o para resolver quejas. En caso de preguntas o comentarios dirigidos a nuestro equipo de atenci\u00f3n al cliente en relaci\u00f3n con un pedido o una factura, o en el caso de quejas sobre productos, podr\u00edamos solicitarle m\u00e1s informaci\u00f3n sobre el producto (por ejemplo, su tama\u00f1o, tipo, fecha y lugar de compra, as\u00ed como otros datos sobre consultas anteriores).<\/li>\n\n\n\n<li><strong>Accidentes y reclamaciones.\u00a0<\/strong>Podemos recoger datos personales de personas en el marco de accidentes u otras reclamaciones. Estos datos incluyen nombre, informaci\u00f3n de contacto, informes sobre el accidente, detalles de pago y otros datos necesarios para evaluar o dar respuesta oportunamente a las reclamaciones.<\/li>\n\n\n\n<li><strong>Informaci\u00f3n sobre relaciones comerciales.\u00a0<\/strong>Trabajamos con profesionales externos, contratistas, proveedores, asesores, etc., para llevar a cabo nuestro negocio. As\u00ed, por ejemplo, podemos entablar relaciones comerciales con proveedores, contratistas, asesores, etc., que nos proporcionan servicios o productos. Tambi\u00e9n nos relacionamos con clientes y socios comerciales en el marco del suministro de nuestros productos y servicios. Recogemos datos como informaci\u00f3n de contacto laboral, informaci\u00f3n relativa a la contabilidad y los pagos, y otra informaci\u00f3n relativa a nuestra relaci\u00f3n comercial con terceros. Tambi\u00e9n podemos llevar a cabo diligencias debidas o verificaciones de antecedentes de conformidad con la legislaci\u00f3n aplicable a fin de asegurar la fiabilidad de terceros con los que mantenemos relaciones comerciales.<strong>\u00a0<\/strong><\/li>\n<\/ul>\n\n\n\n<p><strong>DATOS RECOGIDOS AUTOM\u00c1TICAMENTE.<\/strong><\/p>\n\n\n\n<p>Cuando usted visita los sitios web, su navegador transfiere datos autom\u00e1ticamente a nuestro servidor para que podamos ofrecerle un mejor servicio gracias a informaci\u00f3n personalizada y para que le resulte m\u00e1s sencillo utilizar nuestros sitios web. Utilizamos xxxx para recoger informaci\u00f3n de forma autom\u00e1tica cuando los usuarios acceden a nuestros sitios web. Los datos son recogidos y tratados por nosotros, e incluyen, en particular, la siguiente informaci\u00f3n:<\/p>\n\n\n\n<p>Su direcci\u00f3n IP e identificadores de dispositivos, el tipo de navegador y el sistema operativo, el tiempo de permanencia en el sitio web, las p\u00e1ginas que ha visitado, los productos que ha visualizado y el idioma preferido. Si desea m\u00e1s informaci\u00f3n al respecto, consulte la&nbsp;<a href=\"https:\/\/www.gore.com.es\/node\/16251\">Pol\u00edtica de cookies<\/a>&nbsp;que encontrar\u00e1 en nuestro sitio web.<\/p>\n\n\n\n<p><strong>SUPERVISI\u00d3N DE LA INTERACCI\u00d3N Y LAS COMUNICACIONES.<\/strong><\/p>\n\n\n\n<p>De conformidad con la legislaci\u00f3n aplicable, podemos supervisar y grabar llamadas, correos electr\u00f3nicos y otras formas de interacci\u00f3n que se produzcan entre usted y nosotros. La finalidad es la protecci\u00f3n de la seguridad de nuestros procedimientos y sistemas de comunicaci\u00f3n, el control de la calidad, la formaci\u00f3n de empleados, la detecci\u00f3n y prevenci\u00f3n de casos de fraude y para casos en que necesitemos tener acceso a una grabaci\u00f3n de lo que se ha dicho entre nosotros. La supervisi\u00f3n tambi\u00e9n se realiza para fines de cumplimiento normativo (cuando proceda), as\u00ed como de prevenci\u00f3n y detecci\u00f3n de delitos.<\/p>\n\n\n\n<p><strong>Fines y fundamentos jur\u00eddicos del uso de datos personales<\/strong><\/p>\n\n\n\n<p>En el marco de nuestro negocio, utilizamos informaci\u00f3n personal para proporcionar y mejorar nuestros servicios, facilitar informaci\u00f3n sobre nuestros productos y servicios, tramitar candidaturas de empleo, responder solicitudes y comunicarnos de otros modos con usted y otras personas.<\/p>\n\n\n\n<p><strong>FUNDAMENTOS JUR\u00cdDICOS<\/strong><\/p>\n\n\n\n<p>En general, utilizamos los datos personales para los fines indicados en la tabla que encontrar\u00e1 m\u00e1s abajo, al amparo de los siguientes fundamentos jur\u00eddicos:<\/p>\n\n\n\n<ul class=\"wp-block-list\">\n<li><strong>Cumplimiento y formalizaci\u00f3n de contratos con usted:<\/strong>en la medida en que sea necesario para formalizar contratos con usted o cumplir con lo estipulado en contratos ya firmados.<\/li>\n<\/ul>\n\n\n\n<ul class=\"wp-block-list\">\n<li><strong>Cumplimiento de la ley:<\/strong>\u00a0para el cumplimiento de nuestras obligaciones legales con arreglo a la legislaci\u00f3n de la UE, incluyendo dar respuesta a requerimientos legales o reglamentarios y \u00f3rdenes judiciales.<\/li>\n\n\n\n<li><strong>Establecer, defender y proteger derechos legales:<\/strong>\u00a0en la medida en que sea necesario para establecer, defender y proteger nuestros derechos legales e intereses, o los de terceros.<\/li>\n\n\n\n<li><strong>Intereses comerciales leg\u00edtimos:<\/strong>\u00a0Con arreglo a nuestros intereses comerciales leg\u00edtimos, para mejorar el modo en que prestamos nuestros servicios, para dise\u00f1ar nuevas ofertas y herramientas, para realizar an\u00e1lisis comparativos de la competencia y de tendencias, para suministrar contenidos e informaci\u00f3n m\u00e1s relevantes, para asegurar nuestros sistemas y para prevenir casos de mala praxis y fraude, siempre que sobre estos intereses no prevalezcan sus intereses y derechos fundamentales.<\/li>\n\n\n\n<li><strong>Consentimiento expreso:<\/strong>\u00a0para informaci\u00f3n sensible, con el consentimiento expreso del interesado, o, cuando sea necesario, para cumplir con nuestras obligaciones con arreglo a la legislaci\u00f3n laboral, de seguridad social y similares.<strong>\u00a0<\/strong><\/li>\n<\/ul>\n\n\n\n<p><strong>Comunicaci\u00f3n de los datos<\/strong><\/p>\n\n\n\n<p>PRODUCCIONES AGR\u00cdCOLAS MASEGOSA, S.L. es una empresa internacional. Para facilitar las operaciones internacionales, podr\u00eda ser necesario compartir datos de car\u00e1cter personal.<\/p>\n\n\n\n<p>No vendemos datos de car\u00e1cter personal a terceros. En general, compartimos los datos personales que recogemos de la siguiente manera:<\/p>\n\n\n\n<ul class=\"wp-block-list\">\n<li><strong>Proveedores de servicios.<\/strong>\u00a0Podr\u00edamos compartir sus datos con terceros proveedores de servicios a los que contratamos \u2014por ejemplo, para el alojamiento web, an\u00e1lisis de datos, tecnolog\u00eda inform\u00e1tica, infraestructuras y seguridad\u2014. Con terceros a los que contratemos para prestar servicios a los clientes \u2014por ejemplo, para comunicarnos con usted mediante correo electr\u00f3nico o por tel\u00e9fono\u2014, para estudios de mercado, llevar a cabo encuestas, gestionar las transferencias de pagos o para servicios de asesoramiento, mantenimiento y similares.<\/li>\n\n\n\n<li><strong>Publicidad y marketing de terceros.<\/strong>\u00a0Las empresas de terceros con las que trabajamos para mostrar publicidad online m\u00e1s relevante podr\u00edan recoger identificadores de cookies, direcciones IP y otro tipo de identificadores, as\u00ed como informaci\u00f3n sobre las p\u00e1ginas que usted visita en nuestros sitios web u otros, para poder mostrar publicidad de productos y servicios que pudieran ser de su inter\u00e9s mientras visita nuestro sitio web u otros.<\/li>\n\n\n\n<li><strong>Transferencia de negocios.<\/strong>\u00a0Podemos comunicar o transferir informaci\u00f3n, incluyendo datos de car\u00e1cter personal, en caso de que se produjera alguna reorganizaci\u00f3n, fusi\u00f3n, venta, joint venture, cesi\u00f3n, transferencia u otro tipo de disposici\u00f3n de todo o parte nuestro negocio, activos o acciones (incluyendo, sin limitaci\u00f3n, lo relacionado con cualquier bancarrota o procedimientos similares), incluyendo lo relacionado con la debida diligencia llevada a cabo antes de dicho evento cuando lo permita la ley.<\/li>\n\n\n\n<li><strong>Requerimiento legal.<\/strong>\u00a0Podremos comunicar sus datos cuando as\u00ed lo exija la ley o una autoridad legal (fuerzas del orden, tribunales, etc.), por ejemplo, en respuesta a una citaci\u00f3n u orden judicial.<\/li>\n\n\n\n<li><strong>Protecci\u00f3n de nuestros derechos.<\/strong>\u00a0Podremos comunicar sus datos cuando lo creamos necesario para defendernos de quejas efectuadas contra nosotros o para cumplir con procesos legales (por ejemplo, citaciones u \u00f3rdenes judiciales), velar por el cumplimiento o administrar nuestros acuerdos y condiciones, para la prevenci\u00f3n de casos de fraude, evaluaci\u00f3n de riesgos, investigaci\u00f3n y protecci\u00f3n de derechos, propiedades o la seguridad de PRODUCCIONES AGR\u00cdCOLAS MASEGOSA, S.L., nuestros clientes u otros.<\/li>\n\n\n\n<li><strong>Datos anonimizados y agregados.<\/strong>\u00a0Podremos compartir informaci\u00f3n agregada o desidentificada con terceros para fines de investigaci\u00f3n, marketing, an\u00e1lisis u otros, siempre y cuando la informaci\u00f3n no permita identificar a una persona en particular.<\/li>\n<\/ul>\n\n\n\n<p><strong>Cookies, an\u00e1lisis y anuncios dirigidos<\/strong><\/p>\n\n\n\n<p>Nosotros y nuestros proveedores de servicios usamos cookies, p\u00edxeles, java script y otros mecanismos de rastreo para realizar un seguimiento del uso que usted hace de nuestro sitio web y de nuestros servicios, y podremos combinar esta informaci\u00f3n con otros datos, incluyendo datos personales, que recojamos sobre usted. Tambi\u00e9n podremos trabajar con redes publicitarias de terceros, compa\u00f1\u00edas de an\u00e1lisis, servicios de medici\u00f3n, etc., para mostrarle publicidad en nuestros servicios y para gestionar nuestra publicidad en los sitios web, aplicaciones m\u00f3viles y servicios online de terceros. Consulte nuestra&nbsp;<a href=\"https:\/\/www.gore.com.es\/node\/16251\">\u00abPol\u00edtica de cookies\u00bb<\/a>&nbsp;para obtener m\u00e1s informaci\u00f3n acerca del uso de cookies y de las redes publicitarias de terceros y proveedores de servicios de an\u00e1lisis con los que trabajamos.<\/p>\n\n\n\n<p><strong>Publicidad basada en intereses<\/strong><\/p>\n\n\n\n<p>En algunos de nuestros sitios web, podemos trabajar con redes publicitarias de terceros, compa\u00f1\u00edas de an\u00e1lisis, servicios de medici\u00f3n, etc. (denominados conjuntamente \u00abempresas publicitarias\u00bb), para mostrarle publicidad en nuestros servicios y para gestionar nuestra publicidad en los sitios web, aplicaciones m\u00f3viles y servicios online de terceros. Nosotros y las mencionadas redes publicitarias de terceros podr\u00e1n usar cookies, etiquetas de p\u00edxel y otras herramientas para recoger informaci\u00f3n sobre la actividad llevada a cabo en nuestros sitios web (o en los sitios web y servicios de terceros), as\u00ed como direcciones IP, identificador de dispositivos, identificadores de cookies y anuncios y otros identificadores, informaci\u00f3n general sobre la ubicaci\u00f3n y, con el consentimiento previo del interesado, informaci\u00f3n sobre la geolocalizaci\u00f3n de su dispositivo. Nosotros y las mencionadas redes publicitarias de terceros usamos esa informaci\u00f3n para mostrarle publicidad y contenido m\u00e1s relevante para usted y para evaluar el \u00e9xito de los anuncios y su contenido.<\/p>\n\n\n\n<p>Consulte nuestra&nbsp;<a href=\"https:\/\/www.gore.com.es\/node\/16251\">\u00abPol\u00edtica de cookies\u00bb<\/a>&nbsp;para obtener m\u00e1s informaci\u00f3n sobre terceros con los que podr\u00edamos trabajar para mostrar publicidad dirigida.<\/p>\n\n\n\n<p><strong>Marketing directo<\/strong><\/p>\n\n\n\n<p>Podemos enviarle peri\u00f3dicamente correos electr\u00f3nicos promocionales, en cuyo caso le solicitaremos su consentimiento previo cuando as\u00ed lo exija la ley. Si desea oponerse a la recepci\u00f3n de mensajes electr\u00f3nicos de PRODUCCIONES AGR\u00cdCOLAS MASEGOSA, S.L. o impedir que PRODUCCIONES AGR\u00cdCOLAS MASEGOSA, S.L. comunique sus datos personales para fines de marketing, puede ponerse en contacto con nosotros y retirar su consentimiento. Puede oponerse a recibir esos mensajes, en cuyo caso solo tiene que seguir las instrucciones al respecto incluidas en el correo electr\u00f3nico. En caso de que se oponga a recibir correos electr\u00f3nicos con recomendaciones u otra informaci\u00f3n que nosotros creamos pueda ser de su inter\u00e9s, seguiremos pudiendo enviarle correos electr\u00f3nicos administrativos en relaci\u00f3n con su cuenta u otros servicios que haya solicitado o recibido de nuestra parte.<\/p>\n\n\n\n<p><strong>Seguridad<\/strong><\/p>\n\n\n\n<p>Hemos adoptado medidas organizativas, t\u00e9cnicas y administrativas para proteger de accesos, usos o comunicaciones no autorizados los datos de car\u00e1cter personal que recogemos. A pesar de que las medidas de seguridad que hemos adoptado se revisan y actualizan peri\u00f3dicamente, no es posible garantizar la seguridad de los sistemas de transmisi\u00f3n y almacenamiento de datos completamente.<\/p>\n\n\n\n<p><strong>Tiempo de conservaci\u00f3n<\/strong><\/p>\n\n\n\n<p>Normalmente, conservaremos sus datos personales durante el periodo de tiempo que sea necesario para cumplir con los fines indicados en la Pol\u00edtica de protecci\u00f3n de datos de la UE hasta la extinci\u00f3n de dichos fines, salvo que la legislaci\u00f3n permita o exija un periodo de conservaci\u00f3n m\u00e1s amplio. El periodo de conservaci\u00f3n depender\u00e1 de la informaci\u00f3n en s\u00ed y del motivo por el que la hayamos recogido.<\/p>\n\n\n\n<p><strong>Opciones y derechos<\/strong><\/p>\n\n\n\n<p>Adoptaremos las medidas necesarias para que la informaci\u00f3n que guardamos sobre usted sea precisa y est\u00e9 completa. Para ello, es necesario que nos comunique todo cambio que se produzca en sus circunstancias personales (por ejemplo, nuevas direcciones) de forma que podamos actualizar los registros. De conformidad con la legislaci\u00f3n aplicable, usted tiene los siguientes derechos en relaci\u00f3n con el tratamiento que hacemos de sus datos personales:<\/p>\n\n\n\n<ul class=\"wp-block-list\">\n<li><strong>Derecho de acceso del interesado.<\/strong>Si nos lo pregunta, le confirmaremos si estamos tratando informaci\u00f3n personal que le concierne y, en caso necesario, le proporcionaremos una copia de esta (junto con algunos detalles m\u00e1s). Si necesitara copias adicionales, es posible que tengamos que cobrarle una tarifa equitativa.<\/li>\n<\/ul>\n\n\n\n<ul class=\"wp-block-list\">\n<li><strong>Derecho de rectificaci\u00f3n (correcci\u00f3n).<\/strong>\u00a0Si la informaci\u00f3n que tenemos sobre usted es inexacta o est\u00e1 incompleta, tendr\u00e1 derecho a exigirnos su rectificaci\u00f3n. Cuando el interesado tenga derecho a la rectificaci\u00f3n de sus datos y los hayamos compartido con terceros, informaremos a estos de la necesidad de llevar a cabo la oportuna rectificaci\u00f3n siempre que sea posible. Si nos lo pregunta, tambi\u00e9n le diremos \u2014siempre y cuando sea posible y conforme a derecho\u2014 con qui\u00e9n hemos compartido sus datos personales a fin de que pueda ponerse en contacto con ellos directamente.<\/li>\n\n\n\n<li><strong>Derecho de supresi\u00f3n.<\/strong>\u00a0En determinadas circunstancias, usted podr\u00e1 solicitarnos que borremos o eliminemos sus datos personales, como en el caso de que ya no los necesitemos o si usted revocara su consentimiento (cuando proceda). Cuando el interesado tenga derecho a la supresi\u00f3n y hayamos compartido sus datos personales con terceros, informaremos a estos de la necesidad de llevar a cabo la eliminaci\u00f3n siempre que sea posible. Si nos lo pregunta, tambi\u00e9n le diremos \u2014siempre y cuando sea posible y conforme a derecho\u2014 con qui\u00e9n hemos compartido sus datos personales a fin de que pueda ponerse en contacto con ellos directamente.<\/li>\n\n\n\n<li><strong>Derecho de a la limitaci\u00f3n (bloqueo) del tratamiento.<\/strong>\u00a0En determinadas circunstancias, usted podr\u00e1 solicitarnos la limitaci\u00f3n del tratamiento de sus datos personales, como en el caso de que usted rebata la exactitud de su informaci\u00f3n personal o se oponga a que la usemos o al fundamento jur\u00eddico sobre el que se asienta su uso. Cuando el interesado tenga derecho a la limitaci\u00f3n y hayamos compartido sus datos personales con terceros, informaremos a estos de la necesidad de limitar su tratamiento siempre que sea posible. Si nos lo pregunta, tambi\u00e9n le diremos \u2014siempre y cuando sea posible y conforme a derecho\u2014 con qui\u00e9n hemos compartido sus datos personales a fin de que pueda ponerse en contacto con ellos directamente.<\/li>\n\n\n\n<li><strong>Derecho a la portabilidad de los datos.<\/strong>\u00a0En determinadas circunstancias, usted tendr\u00e1 derecho a obtener una copia de la informaci\u00f3n personal que hayamos recogido sobre usted en un formato estructurado, de uso com\u00fan y lectura mec\u00e1nica, as\u00ed como a su posterior utilizaci\u00f3n donde desee, o a solicitarnos su transferencia a un tercero de su elecci\u00f3n.<\/li>\n\n\n\n<li><strong>Derecho de oposici\u00f3n.\u00a0<\/strong>Usted tendr\u00e1 derecho a solicitarnos que dejemos de tratar sus datos personales. Nosotros lo haremos (a) en la medida en que nos basemos en nuestros intereses leg\u00edtimos para usar sus datos personales, en cuyo caso usted tendr\u00e1 derecho a oponerse a dicho uso, salvo que podamos demostrar que existen motivos leg\u00edtimos convincentes para ello que prevalecen sobre los intereses, derechos y libertades fundamentales del interesado o cuando necesitemos tratar los datos para el establecimiento, el ejercicio o la defensa de reclamaciones legales y (b) cuando estemos tratando sus datos personales para fines de marketing directo.<\/li>\n\n\n\n<li><strong>Derechos sobre decisiones automatizadas.<\/strong>\u00a0Usted tendr\u00e1 derecho a no ser objeto de decisiones basadas \u00fanicamente en el tratamiento automatizado cuando ello produzca efectos jur\u00eddicos en usted o le afecte notablemente de un modo similar, salvo que ello sea necesario para la formalizaci\u00f3n o el cumplimiento de contratos entre nosotros.<\/li>\n\n\n\n<li><strong>Derecho a la retirada del consentimiento.<\/strong>\u00a0Cuando el tratamiento de sus datos personales se base en el consentimiento, usted tendr\u00e1 derecho a retirar el consentimiento en cualquier momento sin que ello afecte a la plena legalidad del tratamiento basada en el consentimiento otorgado con anterioridad a su retirada.<\/li>\n\n\n\n<li><strong>Derecho a presentar una reclamaci\u00f3n.<\/strong>\u00a0Usted tambi\u00e9n tiene derecho a presentar reclamaciones ante una autoridad de control (Agencia Espa\u00f1ola de Protecci\u00f3n de Datos,\u00a0<a href=\"https:\/\/www.aepd.es\/\">www.aepd.es<\/a>)\u00a0si considera que el tratamiento de los datos personales que le conciernen infringe la legislaci\u00f3n aplicable.<\/li>\n<\/ul>\n\n\n\n<p>Si desea ejercer alguno de sus derechos o tuviera alguna duda o queja en relaci\u00f3n con el tratamiento por nuestra parte de los datos personales que le conciernen, p\u00f3ngase en contacto con nosotros en la forma y modo indicados en la secci\u00f3n \u00abContacto\u00bb o a trav\u00e9s de la siguiente direcci\u00f3n de correo electr\u00f3nico info@masegosafrutas.com<\/p>\n","protected":false},"excerpt":{"rendered":"<p>Introducci\u00f3n PRODUCCIONES AGR\u00cdCOLAS MASEGOSA, S.L. es una empresa internacional que ofrece diversos servicios y productos a clientes, comerciantes y proveedores. Sabemos lo importante que es proteger la privacidad de los datos personales que recogemos y, por ello, queremos explicarle c\u00f3mo tratamos la informaci\u00f3n personal de proveedores, comerciantes, clientes y usuarios de nuestro sitio web. Le&#8230;<\/p>\n","protected":false},"author":1,"featured_media":0,"parent":0,"menu_order":0,"comment_status":"closed","ping_status":"closed","template":"","meta":{"footnotes":""},"class_list":["post-16085","page","type-page","status-publish","hentry"],"_links":{"self":[{"href":"https:\/\/cebollasmasegosa.com\/en\/wp-json\/wp\/v2\/pages\/16085","targetHints":{"allow":["GET"]}}],"collection":[{"href":"https:\/\/cebollasmasegosa.com\/en\/wp-json\/wp\/v2\/pages"}],"about":[{"href":"https:\/\/cebollasmasegosa.com\/en\/wp-json\/wp\/v2\/types\/page"}],"author":[{"embeddable":true,"href":"https:\/\/cebollasmasegosa.com\/en\/wp-json\/wp\/v2\/users\/1"}],"replies":[{"embeddable":true,"href":"https:\/\/cebollasmasegosa.com\/en\/wp-json\/wp\/v2\/comments?post=16085"}],"version-history":[{"count":1,"href":"https:\/\/cebollasmasegosa.com\/en\/wp-json\/wp\/v2\/pages\/16085\/revisions"}],"predecessor-version":[{"id":16086,"href":"https:\/\/cebollasmasegosa.com\/en\/wp-json\/wp\/v2\/pages\/16085\/revisions\/16086"}],"wp:attachment":[{"href":"https:\/\/cebollasmasegosa.com\/en\/wp-json\/wp\/v2\/media?parent=16085"}],"curies":[{"name":"wp","href":"https:\/\/api.w.org\/{rel}","templated":true}]}}